{"id":1280,"date":"2012-07-19T09:26:53","date_gmt":"2012-07-19T09:26:53","guid":{"rendered":"http:\/\/fraqment.com\/?page_id=1280"},"modified":"2025-02-20T19:08:44","modified_gmt":"2025-02-20T19:08:44","slug":"terms-of-use","status":"publish","type":"page","link":"https:\/\/www.fraqment.com\/?page_id=1280","title":{"rendered":"Terms of Use"},"content":{"rendered":"<p><strong>Anwendungsbereich:<\/strong><br \/>\n\u2028Diese Nutzungsbedingungen gelten f\u00fcr das Internet-Angebot der Fraqment Film GbR. Sie gelten nicht f\u00fcr andere Internet-Angebote, auf die wir durch einen Link lediglich verweisen.<\/p>\n<p><strong>Inhalte:<\/strong><br \/>\n\u2028Wir stellen unser Internet-Angebot kostenfrei und ohne Zugangsbeschr\u00e4nkung zur Verf\u00fcgung. Durch die Nutzung unseres Internet-Angebots oder die Kontaktaufnahme mit uns kommt kein Vertrag mit uns zustande. Es besteht kein Anspruch auf ununterbrochene Verf\u00fcgbarkeit unseres Internet-Angebots.<br \/>\n\u2028Wir bem\u00fchen uns, alle in unserem Internet-Angebot bereit gestellten Informationen mit Sorgfalt auszuw\u00e4hlen und bei Bedarf zu aktualisieren oder zu erg\u00e4nzen. F\u00fcr Aktualit\u00e4t, Vollst\u00e4ndigkeit und Richtigkeit der Informationen in unserem Internet-Angebot k\u00f6nnen wir dennoch keine Gew\u00e4hr \u00fcbernehmen.<br \/>\nWir behalten uns vor, ohne vorherige Ank\u00fcndigung und nach freiem Ermessen Informationen in unserem Internet-Angebot ganz oder teilweise zu \u00e4ndern, zu aktualisieren, zu erg\u00e4nzen oder zu l\u00f6schen.<\/p>\n<p><strong>Verantwortlichkeit:<\/strong><br \/>\n\u2028Wir sind als Diensteanbieter im Sinne des Telemedienrechts f\u00fcr eigene Informationen, die wir in unserem Internet-Angebot zur Nutzung bereithalten, nach den allgemeinen Gesetzen verantwortlich.<br \/>\nVon diesen eigenen Informationen in unserem Internet-Angebot sind u.a. Querverweise (Links) auf die von anderen Diensteanbietern bereit gehaltenen Informationen zu unterscheiden. Die Verantwortlichkeit f\u00fcr solche Informationen liegt alleine bei dem Diensteanbieter, der die Informationen als eigene bereit h\u00e4lt. Informationen in solchen Internet-Angeboten k\u00f6nnen jederzeit ohne unser Wissen ge\u00e4ndert werden. Falls wir auf Web-Seiten verweisen sollten, deren Inhalt Anlass zur Beanstandung gibt, bitten wir um Mitteilung.<br \/>\n\u2028<\/p>\n<p><img loading=\"lazy\" src=\"http:\/\/fraqment.com\/wp-content\/uploads\/2012\/02\/02do-not-sign.jpg\" alt=\"\" title=\"02do-not-sign\" width=\"379\" height=\"129\" class=\"alignnone size-full wp-image-1076\" srcset=\"https:\/\/www.fraqment.com\/wp-content\/uploads\/2012\/02\/02do-not-sign.jpg 379w, https:\/\/www.fraqment.com\/wp-content\/uploads\/2012\/02\/02do-not-sign-300x102.jpg 300w, https:\/\/www.fraqment.com\/wp-content\/uploads\/2012\/02\/02do-not-sign-60x20.jpg 60w\" sizes=\"(max-width: 379px) 100vw, 379px\" \/><\/p>\n<p><strong>Urheber- und Nutzungsrechte:<\/strong><br \/>\n\u2028Unser Internet-Angebot ist sowohl als Ganzes als auch in Teilen rechtlich gesch\u00fctzt. Insbesondere werden Inhalte und Dateien in unserem Internet-Angebot durch das deutsche Urheberrechtsgesetz und internationale Abkommen weltweit gesch\u00fctzt. Gleiches gilt auch f\u00fcr Auswahl und Anordnung der Informationen, Texte, Tabellen, Grafiken, Bildmaterial und Videosequenzen.<br \/>\nWir sind damit einverstanden, dass Sie Inhalte unseres Internet-Angebots zum pers\u00f6nlichen Gebrauch ausdrucken. Gleiches gilt f\u00fcr das Herunterladen und Speichern von Inhalten, soweit dies zu Ihrem pers\u00f6nlichen Gebrauch erfolgt.<br \/>\n\u2028Im \u00dcbrigen bedarf die Vervielf\u00e4ltigung, Bearbeitung, Verbreitung und\/oder \u00f6ffentliche Zug\u00e4nglichmachung rechtlicher gesch\u00fctzter Inhalte \u2013 soweit nicht kraft Gesetzes erlaubt \u2013 der vorherigen Zustimmung des Rechteinhabers. Wir sind insbesondere nicht damit einverstanden, dass eine zu unserem Internet-Angebot geh\u00f6rende Web-Seite oder Datei mittels eines Links in einem Fenster (Frame) eingebunden oder z.B. mittels Inline-Links dargestellt wird, so dass der Eindruck entsteht, die Web-Seite oder Datei unseres Internet-Angebots sei Teil eines anderen Internet-Angebots.<\/p>\n<p>Alle Rechte bleiben vorbehalten.<br \/>\n\u00a9 Copyright 2024 Fraqment Film GbR.<\/p>\n","protected":false},"excerpt":{"rendered":"<p>Anwendungsbereich: \u2028Diese Nutzungsbedingungen gelten f\u00fcr das Internet-Angebot der Fraqment Film GbR. Sie&#8230;<\/p>\n","protected":false},"author":2,"featured_media":0,"parent":0,"menu_order":0,"comment_status":"closed","ping_status":"open","template":"template-fullwidth.php","meta":[],"_links":{"self":[{"href":"https:\/\/www.fraqment.com\/index.php?rest_route=\/wp\/v2\/pages\/1280"}],"collection":[{"href":"https:\/\/www.fraqment.com\/index.php?rest_route=\/wp\/v2\/pages"}],"about":[{"href":"https:\/\/www.fraqment.com\/index.php?rest_route=\/wp\/v2\/types\/page"}],"author":[{"embeddable":true,"href":"https:\/\/www.fraqment.com\/index.php?rest_route=\/wp\/v2\/users\/2"}],"replies":[{"embeddable":true,"href":"https:\/\/www.fraqment.com\/index.php?rest_route=%2Fwp%2Fv2%2Fcomments&post=1280"}],"version-history":[{"count":19,"href":"https:\/\/www.fraqment.com\/index.php?rest_route=\/wp\/v2\/pages\/1280\/revisions"}],"predecessor-version":[{"id":3410,"href":"https:\/\/www.fraqment.com\/index.php?rest_route=\/wp\/v2\/pages\/1280\/revisions\/3410"}],"wp:attachment":[{"href":"https:\/\/www.fraqment.com\/index.php?rest_route=%2Fwp%2Fv2%2Fmedia&parent=1280"}],"curies":[{"name":"wp","href":"https:\/\/api.w.org\/{rel}","templated":true}]}}