{"id":184,"date":"2011-09-23T21:05:37","date_gmt":"2011-09-23T21:05:37","guid":{"rendered":"http:\/\/localhost\/wordpress\/?page_id=184"},"modified":"2025-02-20T19:01:36","modified_gmt":"2025-02-20T19:01:36","slug":"contact-2","status":"publish","type":"page","link":"https:\/\/www.fraqment.com\/?page_id=184","title":{"rendered":"About Us"},"content":{"rendered":"<p><img loading=\"lazy\" src=\"https:\/\/www.fraqment.com\/wp-content\/uploads\/2014\/11\/bmwbanner2.jpg\" alt=\"routinebanner\" width=\"960\" height=\"380\" class=\"alignnone size-full wp-image-1843\" \/><\/p>\n<div class=\"column two_third\"  style=\"padding-right: 3%; width:600px; margin-right: 3%; border-right: 2px dotted #DDD;margin-top:-15px;\">\n<\/br><\/p>\n<h3 style=\"background:#d1e4f8; width: 130px;\">Who We Are.<\/h3>\n<p>&nbsp;<br \/>\nFraqment Film [f\u0279\u00e6\u0261m\u0259nt film]<br \/>\nMit Sitz in M\u00fcnchen bieten wir seit 2011 kreative Postproduction f\u00fcr internationale Produktionen. Wir realisieren beeindruckende Visual Effects und unterst\u00fctzen Projekte mit sozialem Impact. Als vielfach ausgezeichneter Full-Service Partner arbeiten wir f\u00fcr und mit namhaften Filmproduktionen, Werbeagenturen und Kunden..<br \/> .<br \/> <br \/>\n&nbsp;<br \/>\n<img style=\"margin-bottom:-10px; margin-top:10px;\" src=\"https:\/\/www.fraqment.com\/wp-content\/uploads\/2014\/11\/louise1.jpg\"><br \/>\n<i>Lovely Louise, Kinospielfilm. Zusammen mit seinem Team hat VFX Supervisor David Purviance 72 VFX Shots umgesetzt.<\/i><br \/>\n<br \/>&nbsp;<br \/>\n<br \/>&nbsp;&nbsp;<br \/>\n<img style=\"margin-bottom:-10px; margin-top:10px;\" src=\"https:\/\/www.fraqment.com\/wp-content\/uploads\/2013\/04\/placeh-milk.jpg\">\n<\/div>\n<div class=\"column one_third last\">\n<h3 style=\" margin-top:30px; width: 100px; margin-bottom:10px;\">Awards.<\/h3>\n<p><img class=\"alignright size-full wp-image-1085\" title=\"connectedF04\" src=\"https:\/\/www.fraqment.com\/wp-content\/uploads\/2015\/05\/awbalken3b_ny.jpg\" alt=\"\" \/><\/p>\n<ul style=\"list-style-type: disc; margin-left: 1em; list-style-position: inside; \">\n<li>Cannes Lions: 2x Bronze + 3x Shortlist<\/li>\n<li>ADC: 5x Bronze + 5x Shortlist<\/li>\n<li>Eurobest: 1x Bronze + 1x Shortlist<\/li>\n<li>New York Festivals: 3x Shortlist<\/li>\n<li>ADC Europe: 1x Shortlist<\/li>\n<li>Edi<\/li>\n<li>Swiss Dialogmarketing-Preis<\/li>\n<\/ul>\n<p>&nbsp;<br \/>\n<a href=\"https:\/\/www.fraqment.com\/?p=694\">Weitere Details..<\/a><\/p>\n<p><\/div><br \/>\n<div class=\"divider\"><\/div><br \/>\n<HR WIDTH=\"960\"><br \/>\n&nbsp;<br \/>\n&nbsp;<\/p>\n","protected":false},"excerpt":{"rendered":"<p>Who We Are. &nbsp; Fraqment Film [f\u0279\u00e6\u0261m\u0259nt film] Mit Sitz in M\u00fcnchen&#8230;<\/p>\n","protected":false},"author":2,"featured_media":0,"parent":0,"menu_order":0,"comment_status":"open","ping_status":"open","template":"template-fullwidth.php","meta":[],"_links":{"self":[{"href":"https:\/\/www.fraqment.com\/index.php?rest_route=\/wp\/v2\/pages\/184"}],"collection":[{"href":"https:\/\/www.fraqment.com\/index.php?rest_route=\/wp\/v2\/pages"}],"about":[{"href":"https:\/\/www.fraqment.com\/index.php?rest_route=\/wp\/v2\/types\/page"}],"author":[{"embeddable":true,"href":"https:\/\/www.fraqment.com\/index.php?rest_route=\/wp\/v2\/users\/2"}],"replies":[{"embeddable":true,"href":"https:\/\/www.fraqment.com\/index.php?rest_route=%2Fwp%2Fv2%2Fcomments&post=184"}],"version-history":[{"count":303,"href":"https:\/\/www.fraqment.com\/index.php?rest_route=\/wp\/v2\/pages\/184\/revisions"}],"predecessor-version":[{"id":3405,"href":"https:\/\/www.fraqment.com\/index.php?rest_route=\/wp\/v2\/pages\/184\/revisions\/3405"}],"wp:attachment":[{"href":"https:\/\/www.fraqment.com\/index.php?rest_route=%2Fwp%2Fv2%2Fmedia&parent=184"}],"curies":[{"name":"wp","href":"https:\/\/api.w.org\/{rel}","templated":true}]}}